{"id":592,"date":"2023-10-05T16:10:43","date_gmt":"2023-10-05T16:10:43","guid":{"rendered":"https:\/\/bargella.ch\/?page_id=592"},"modified":"2024-01-24T18:22:28","modified_gmt":"2024-01-24T18:22:28","slug":"592-2","status":"publish","type":"page","link":"https:\/\/bargella.ch\/fr\/592-2\/","title":{"rendered":"Philosohpie PrimeEnergy Cleantech"},"content":{"rendered":"<p>[et_pb_section fb_built=\u00a0\u00bb1&Prime; admin_label=\u00a0\u00bbGallery\u00a0\u00bb _builder_version=\u00a0\u00bb4.16&Prime; _module_preset=\u00a0\u00bbdefault\u00a0\u00bb use_background_color_gradient=\u00a0\u00bbon\u00a0\u00bb background_image=\u00a0\u00bbhttps:\/\/bargella.ch\/wp-content\/uploads\/2023\/10\/AdobeStock_177711932-cmjn-scaled.jpg\u00a0\u00bb module_alignment=\u00a0\u00bbcenter\u00a0\u00bb min_height=\u00a0\u00bb480px\u00a0\u00bb custom_margin=\u00a0\u00bb20px|0px|-61px|0px|false|false\u00a0\u00bb custom_padding=\u00a0\u00bb70px|0px|70px|0px|true|false\u00a0\u00bb collapsed=\u00a0\u00bbon\u00a0\u00bb global_colors_info=\u00a0\u00bb{}\u00a0\u00bb][et_pb_row column_structure=\u00a0\u00bb1_2,1_2&Prime; _builder_version=\u00a0\u00bb4.16&Prime; _module_preset=\u00a0\u00bbdefault\u00a0\u00bb min_height=\u00a0\u00bb305px\u00a0\u00bb global_colors_info=\u00a0\u00bb{}\u00a0\u00bb][et_pb_column type=\u00a0\u00bb1_2&Prime; _builder_version=\u00a0\u00bb4.16&Prime; _module_preset=\u00a0\u00bbdefault\u00a0\u00bb global_colors_info=\u00a0\u00bb{}\u00a0\u00bb][et_pb_text _builder_version=\u00a0\u00bb4.23.4&Prime; _module_preset=\u00a0\u00bbb327cbe4-b1d5-4b66-ad37-40c8f2f061ba\u00a0\u00bb text_font=\u00a0\u00bb|700|||||||\u00a0\u00bb text_text_color=\u00a0\u00bbrgba(204,173,0,0.38)\u00a0\u00bb text_font_size=\u00a0\u00bb100px\u00a0\u00bb text_line_height=\u00a0\u00bb1.5em\u00a0\u00bb header_font=\u00a0\u00bb|700|||||||\u00a0\u00bb header_font_size=\u00a0\u00bb60px\u00a0\u00bb header_2_font=\u00a0\u00bbPlayfair Display|700|||||||\u00a0\u00bb header_2_text_color=\u00a0\u00bb#000000&Prime; header_2_font_size=\u00a0\u00bb45px\u00a0\u00bb header_2_line_height=\u00a0\u00bb1.35em\u00a0\u00bb text_orientation=\u00a0\u00bbcenter\u00a0\u00bb custom_margin=\u00a0\u00bb||0px||false|false\u00a0\u00bb animation_style=\u00a0\u00bbflip\u00a0\u00bb header_2_font_size_tablet=\u00a0\u00bb32px\u00a0\u00bb header_2_font_size_phone=\u00a0\u00bb20px\u00a0\u00bb header_2_font_size_last_edited=\u00a0\u00bbon|desktop\u00a0\u00bb locked=\u00a0\u00bboff\u00a0\u00bb global_colors_info=\u00a0\u00bb{}\u00a0\u00bb]<\/p>\n<h3><\/h3>\n<h3><span style=\"color: #4c4746;\"><strong><span style=\"font-size: xx-large;\"><\/span><\/strong><\/span><\/h3>\n<h3><span style=\"color: #4c4746;\"><strong><span style=\"font-size: xx-large;\"><\/span><\/strong><\/span><\/h3>\n<h3><span style=\"color: #4c4746;\"><strong><span style=\"font-size: xx-large;\"><\/span><\/strong><\/span><\/h3>\n<h3><span style=\"color: #4c4746;\"><strong><span style=\"font-size: xx-large;\"><\/span><\/strong><\/span><\/h3>\n<h3><span style=\"color: #4c4746;\"><strong><span style=\"font-size: xx-large;\"><\/span><\/strong><\/span><\/h3>\n<h3><span style=\"color: #4c4746;\"><strong><span style=\"font-size: xx-large;\"><\/span><\/strong><\/span><\/h3>\n<h3><span style=\"color: #4c4746;\"><strong><span style=\"font-size: xx-large;\"><\/span><\/strong><\/span><\/h3>\n<h3><span style=\"color: #4c4746;\"><strong><span style=\"font-size: xx-large;\"><\/span><\/strong><\/span><\/h3>\n<h3><span style=\"color: #4c4746;\"><strong><span style=\"font-size: xx-large;\"><\/span><\/strong><\/span><\/h3>\n<h3><span style=\"color: #4c4746;\"><strong><span style=\"font-size: xx-large;\"><\/span><\/strong><\/span><\/h3>\n<h3><span style=\"color: #4c4746;\"><strong><span style=\"font-size: xx-large;\"><\/span><\/strong><\/span><\/h3>\n<h3><span style=\"color: #4c4746;\"><strong><span style=\"font-size: xx-large;\"><\/span><\/strong><\/span><\/h3>\n<h3><span style=\"color: #4c4746;\"><strong><span style=\"font-size: xx-large;\"><\/span><\/strong><\/span><\/h3>\n<h3><\/h3>\n<h3><span style=\"color: #4c4746;\"><strong><span style=\"font-size: xx-large;\"><\/span><\/strong><\/span><\/h3>\n<h1><span style=\"color: #ffffff; font-size: xx-large;\"><strong>Philosophie<\/strong><\/span><\/h1>\n<h1><span style=\"color: #ffffff;\"><strong>PrimeEnergy Cleantech SA<\/strong><\/span><\/h1>\n<h3><span style=\"color: #ff9900;\"><strong><span style=\"font-size: xx-large;\"><\/span><\/strong><\/span><span style=\"color: #333333;\"><strong><span style=\"font-size: xx-large;\"><br \/><\/span><\/strong><\/span><\/h3>\n<p>[\/et_pb_text][\/et_pb_column][et_pb_column type=\u00a0\u00bb1_2&Prime; _builder_version=\u00a0\u00bb4.16&Prime; _module_preset=\u00a0\u00bbdefault\u00a0\u00bb global_colors_info=\u00a0\u00bb{}\u00a0\u00bb][\/et_pb_column][\/et_pb_row][\/et_pb_section][et_pb_section fb_built=\u00a0\u00bb1&Prime; _builder_version=\u00a0\u00bb4.16&Prime; _module_preset=\u00a0\u00bbdefault\u00a0\u00bb min_height=\u00a0\u00bb287.4px\u00a0\u00bb custom_padding=\u00a0\u00bb0px||0px|||\u00a0\u00bb global_colors_info=\u00a0\u00bb{}\u00a0\u00bb][et_pb_row column_structure=\u00a0\u00bb1_2,1_2&Prime; _builder_version=\u00a0\u00bb4.16&Prime; _module_preset=\u00a0\u00bbdefault\u00a0\u00bb custom_padding=\u00a0\u00bb34px||0px|||\u00a0\u00bb global_colors_info=\u00a0\u00bb{}\u00a0\u00bb][et_pb_column type=\u00a0\u00bb1_2&Prime; _builder_version=\u00a0\u00bb4.16&Prime; _module_preset=\u00a0\u00bbdefault\u00a0\u00bb global_colors_info=\u00a0\u00bb{}\u00a0\u00bb][et_pb_text _builder_version=\u00a0\u00bb4.16&Prime; _module_preset=\u00a0\u00bbdefault\u00a0\u00bb min_height=\u00a0\u00bb199.4px\u00a0\u00bb custom_padding=\u00a0\u00bb||0px|||\u00a0\u00bb global_colors_info=\u00a0\u00bb{}\u00a0\u00bb]<\/p>\n<h2><span style=\"color: #eab808;\">DEN PLANETEN SCH\u00dcTZEN UND GLEICHZEITIG IHRE ERSPARNISSE ST\u00c4RKEN<\/span><\/h2>\n<p>&nbsp;<\/p>\n<h3>Die 2005 gegr\u00fcndete PrimeEnergy Gruppe finanziert, baut und betreibt photovoltaische Solarkraftwerke in der Schweiz und in Europa, um gr\u00fcnen Strom aus einer 100% erneuerbaren Quelle zu erzeugen &#8211; der Sonne!<\/h3>\n<p>&nbsp;<\/p>\n<p><span style=\"font-size: x-large;\"><strong>\u00a0<\/strong><\/span><\/p>\n<h3><\/h3>\n<p><span style=\"font-size: x-large;\"><strong><\/strong><\/span><\/p>\n<p>[\/et_pb_text][\/et_pb_column][et_pb_column type=\u00a0\u00bb1_2&Prime; _builder_version=\u00a0\u00bb4.16&Prime; _module_preset=\u00a0\u00bbdefault\u00a0\u00bb global_colors_info=\u00a0\u00bb{}\u00a0\u00bb][et_pb_image src=\u00a0\u00bbhttps:\/\/bargella.ch\/wp-content\/uploads\/2023\/10\/AdobeStock_114315357-scaled.jpeg\u00a0\u00bb title_text=\u00a0\u00bbSolar energy\u00a0\u00bb _builder_version=\u00a0\u00bb4.23.4&Prime; _module_preset=\u00a0\u00bbdefault\u00a0\u00bb width=\u00a0\u00bb104.3%\u00a0\u00bb custom_margin=\u00a0\u00bb|-12px||||\u00a0\u00bb global_colors_info=\u00a0\u00bb{}\u00a0\u00bb][\/et_pb_image][\/et_pb_column][\/et_pb_row][\/et_pb_section][et_pb_section fb_built=\u00a0\u00bb1&Prime; _builder_version=\u00a0\u00bb4.23.4&Prime; _module_preset=\u00a0\u00bbdefault\u00a0\u00bb custom_padding=\u00a0\u00bb||4px|||\u00a0\u00bb global_colors_info=\u00a0\u00bb{}\u00a0\u00bb][et_pb_row column_structure=\u00a0\u00bb1_2,1_2&Prime; _builder_version=\u00a0\u00bb4.23.4&Prime; _module_preset=\u00a0\u00bbdefault\u00a0\u00bb custom_margin=\u00a0\u00bb-60px|auto||auto||\u00a0\u00bb global_colors_info=\u00a0\u00bb{}\u00a0\u00bb][et_pb_column type=\u00a0\u00bb1_2&Prime; _builder_version=\u00a0\u00bb4.23.4&Prime; _module_preset=\u00a0\u00bbdefault\u00a0\u00bb global_colors_info=\u00a0\u00bb{}\u00a0\u00bb][et_pb_image src=\u00a0\u00bbhttps:\/\/bargella.ch\/wp-content\/uploads\/2023\/10\/AdobeStock_234240192-scaled.jpeg\u00a0\u00bb title_text=\u00a0\u00bbSolar Panels on a solar farm, United Kingdom\u00a0\u00bb _builder_version=\u00a0\u00bb4.23.4&Prime; _module_preset=\u00a0\u00bbdefault\u00a0\u00bb custom_margin=\u00a0\u00bb|-20px||||\u00a0\u00bb global_colors_info=\u00a0\u00bb{}\u00a0\u00bb][\/et_pb_image][et_pb_video src=\u00a0\u00bbhttps:\/\/www.youtube.com\/watch?v=zm9GcrEuubM\u00a0\u00bb _builder_version=\u00a0\u00bb4.16&Prime; _module_preset=\u00a0\u00bbdefault\u00a0\u00bb custom_margin=\u00a0\u00bb|-20px||||\u00a0\u00bb custom_padding=\u00a0\u00bb||0px|||\u00a0\u00bb global_colors_info=\u00a0\u00bb{}\u00a0\u00bb][\/et_pb_video][\/et_pb_column][et_pb_column type=\u00a0\u00bb1_2&Prime; _builder_version=\u00a0\u00bb4.23.4&Prime; _module_preset=\u00a0\u00bbdefault\u00a0\u00bb global_colors_info=\u00a0\u00bb{}\u00a0\u00bb][et_pb_text _builder_version=\u00a0\u00bb4.23.4&Prime; _module_preset=\u00a0\u00bbdefault\u00a0\u00bb global_colors_info=\u00a0\u00bb{}\u00a0\u00bb]<\/p>\n<p>Seit 2011 hat sich die PrimeEnergy-Gruppe in Genf niedergelassen, mit dem Ziel, Obligationenanleihen zu emittieren, um ihre Entwicklung zu finanzieren und ihr erstes Ziel zu erreichen: eine Leistung von 100 MW! Nach dem Erfolg der letzten Jahre liefert unser aus \u00fcber 100 Solarkraftwerken bestehender Park gr\u00fcnen Strom f\u00fcr fast 21.500 Haushalte.<\/p>\n<p>&nbsp;<\/p>\n<p>Dank der Rahmengesetze f\u00fcr erneuerbare Energien in Europa und auch in der Schweiz sind die von den Solarkraftwerken erwirtschafteten Renditen stabil, fest und \u00fcber einen Zeitraum von 20 bis 25 Jahren gesichert.<\/p>\n<p>&nbsp;<\/p>\n<p>Das Inkrafttreten der neuen Schweizer Verordnung \u00fcber die Produktion von gr\u00fcnem Strom erm\u00f6glicht es uns heute, D\u00e4cher kostenlos zu nutzen, indem wir den erzeugten Strom zu einem Vorzugspreis an den Eigent\u00fcmer oder Betreiber des Geb\u00e4udes weiterverkaufen. Wir erhalten auch einen Zuschuss vom Bund, was die Rentabilit\u00e4t der Anlagen erh\u00f6ht und es uns erm\u00f6glicht, unseren Kunden einen attraktiven Coupon anzubieten.<\/p>\n<p>&nbsp;<\/p>\n<p>Dar\u00fcber hinaus besitzt die PrimeEnergy-Gruppe ein Immobilienportfolio von 46 Geb\u00e4uden in der Deutschschweiz, das unseren Investoren Stabilit\u00e4t und unseren Kunden stabile und regelm\u00e4\u00dfige Mieteinnahmen bietet.<\/p>\n<p>&nbsp;<\/p>\n<p>Weitere Informationen auf: <a href=\"https:\/\/www.prime-energy-cleantech.ch\">https:\/\/www.prime-energy-cleantech.ch<\/a><\/p>\n<p>&nbsp;<\/p>\n<p>Um den Immo Portfolio zu entdecken :<\/p>\n<p>[\/et_pb_text][et_pb_button button_url=\u00a0\u00bbhttps:\/\/bargella.ch\/index.php\/428-2\/?et_fb=1&#038;PageSpeed=off\u00a0\u00bb button_text=\u00a0\u00bbImmo Portfolio\u00a0\u00bb _builder_version=\u00a0\u00bb4.16&Prime; _module_preset=\u00a0\u00bbdefault\u00a0\u00bb custom_button=\u00a0\u00bbon\u00a0\u00bb button_text_color=\u00a0\u00bb#E09900&Prime; custom_margin=\u00a0\u00bb|||144px||\u00a0\u00bb global_colors_info=\u00a0\u00bb{}\u00a0\u00bb][\/et_pb_button][\/et_pb_column][\/et_pb_row][\/et_pb_section]<\/p>\n","protected":false},"excerpt":{"rendered":"<p>Philosophie PrimeEnergy Cleantech SA DEN PLANETEN SCH\u00dcTZEN UND GLEICHZEITIG IHRE ERSPARNISSE ST\u00c4RKEN &nbsp; Die 2005 gegr\u00fcndete PrimeEnergy Gruppe finanziert, baut und betreibt photovoltaische Solarkraftwerke in der Schweiz und in Europa, um gr\u00fcnen Strom aus einer 100% erneuerbaren Quelle zu erzeugen &#8211; der Sonne! &nbsp; \u00a0 Seit 2011 hat sich die PrimeEnergy-Gruppe in Genf niedergelassen, mit [&hellip;]<\/p>\n","protected":false},"author":3,"featured_media":0,"parent":0,"menu_order":0,"comment_status":"closed","ping_status":"closed","template":"","meta":{"_et_pb_use_builder":"on","_et_pb_old_content":"","_et_gb_content_width":"","footnotes":""},"class_list":["post-592","page","type-page","status-publish","hentry"],"_links":{"self":[{"href":"https:\/\/bargella.ch\/fr\/wp-json\/wp\/v2\/pages\/592","targetHints":{"allow":["GET"]}}],"collection":[{"href":"https:\/\/bargella.ch\/fr\/wp-json\/wp\/v2\/pages"}],"about":[{"href":"https:\/\/bargella.ch\/fr\/wp-json\/wp\/v2\/types\/page"}],"author":[{"embeddable":true,"href":"https:\/\/bargella.ch\/fr\/wp-json\/wp\/v2\/users\/3"}],"replies":[{"embeddable":true,"href":"https:\/\/bargella.ch\/fr\/wp-json\/wp\/v2\/comments?post=592"}],"version-history":[{"count":21,"href":"https:\/\/bargella.ch\/fr\/wp-json\/wp\/v2\/pages\/592\/revisions"}],"predecessor-version":[{"id":996,"href":"https:\/\/bargella.ch\/fr\/wp-json\/wp\/v2\/pages\/592\/revisions\/996"}],"wp:attachment":[{"href":"https:\/\/bargella.ch\/fr\/wp-json\/wp\/v2\/media?parent=592"}],"curies":[{"name":"wp","href":"https:\/\/api.w.org\/{rel}","templated":true}]}}