{"id":592,"date":"2023-10-05T16:10:43","date_gmt":"2023-10-05T16:10:43","guid":{"rendered":"https:\/\/bargella.ch\/?page_id=592"},"modified":"2024-01-24T18:22:28","modified_gmt":"2024-01-24T18:22:28","slug":"592-2","status":"publish","type":"page","link":"https:\/\/bargella.ch\/en\/592-2\/","title":{"rendered":"Philosohpie PrimeEnergy Cleantech"},"content":{"rendered":"<p>[et_pb_section fb_built=&#8221;1&#8243; admin_label=&#8221;Gallery&#8221; _builder_version=&#8221;4.16&#8243; _module_preset=&#8221;default&#8221; use_background_color_gradient=&#8221;on&#8221; background_image=&#8221;https:\/\/bargella.ch\/wp-content\/uploads\/2023\/10\/AdobeStock_177711932-cmjn-scaled.jpg&#8221; module_alignment=&#8221;center&#8221; min_height=&#8221;480px&#8221; custom_margin=&#8221;20px|0px|-61px|0px|false|false&#8221; custom_padding=&#8221;70px|0px|70px|0px|true|false&#8221; collapsed=&#8221;on&#8221; global_colors_info=&#8221;{}&#8221;][et_pb_row column_structure=&#8221;1_2,1_2&#8243; _builder_version=&#8221;4.16&#8243; _module_preset=&#8221;default&#8221; min_height=&#8221;305px&#8221; global_colors_info=&#8221;{}&#8221;][et_pb_column type=&#8221;1_2&#8243; _builder_version=&#8221;4.16&#8243; _module_preset=&#8221;default&#8221; global_colors_info=&#8221;{}&#8221;][et_pb_text _builder_version=&#8221;4.23.4&#8243; _module_preset=&#8221;b327cbe4-b1d5-4b66-ad37-40c8f2f061ba&#8221; text_font=&#8221;|700|||||||&#8221; text_text_color=&#8221;rgba(204,173,0,0.38)&#8221; text_font_size=&#8221;100px&#8221; text_line_height=&#8221;1.5em&#8221; header_font=&#8221;|700|||||||&#8221; header_font_size=&#8221;60px&#8221; header_2_font=&#8221;Playfair Display|700|||||||&#8221; header_2_text_color=&#8221;#000000&#8243; header_2_font_size=&#8221;45px&#8221; header_2_line_height=&#8221;1.35em&#8221; text_orientation=&#8221;center&#8221; custom_margin=&#8221;||0px||false|false&#8221; animation_style=&#8221;flip&#8221; header_2_font_size_tablet=&#8221;32px&#8221; header_2_font_size_phone=&#8221;20px&#8221; header_2_font_size_last_edited=&#8221;on|desktop&#8221; locked=&#8221;off&#8221; global_colors_info=&#8221;{}&#8221;]<\/p>\n<h3><\/h3>\n<h3><span style=\"color: #4c4746;\"><strong><span style=\"font-size: xx-large;\"><\/span><\/strong><\/span><\/h3>\n<h3><span style=\"color: #4c4746;\"><strong><span style=\"font-size: xx-large;\"><\/span><\/strong><\/span><\/h3>\n<h3><span style=\"color: #4c4746;\"><strong><span style=\"font-size: xx-large;\"><\/span><\/strong><\/span><\/h3>\n<h3><span style=\"color: #4c4746;\"><strong><span style=\"font-size: xx-large;\"><\/span><\/strong><\/span><\/h3>\n<h3><span style=\"color: #4c4746;\"><strong><span style=\"font-size: xx-large;\"><\/span><\/strong><\/span><\/h3>\n<h3><span style=\"color: #4c4746;\"><strong><span style=\"font-size: xx-large;\"><\/span><\/strong><\/span><\/h3>\n<h3><span style=\"color: #4c4746;\"><strong><span style=\"font-size: xx-large;\"><\/span><\/strong><\/span><\/h3>\n<h3><span style=\"color: #4c4746;\"><strong><span style=\"font-size: xx-large;\"><\/span><\/strong><\/span><\/h3>\n<h3><span style=\"color: #4c4746;\"><strong><span style=\"font-size: xx-large;\"><\/span><\/strong><\/span><\/h3>\n<h3><span style=\"color: #4c4746;\"><strong><span style=\"font-size: xx-large;\"><\/span><\/strong><\/span><\/h3>\n<h3><span style=\"color: #4c4746;\"><strong><span style=\"font-size: xx-large;\"><\/span><\/strong><\/span><\/h3>\n<h3><span style=\"color: #4c4746;\"><strong><span style=\"font-size: xx-large;\"><\/span><\/strong><\/span><\/h3>\n<h3><span style=\"color: #4c4746;\"><strong><span style=\"font-size: xx-large;\"><\/span><\/strong><\/span><\/h3>\n<h3><\/h3>\n<h3><span style=\"color: #4c4746;\"><strong><span style=\"font-size: xx-large;\"><\/span><\/strong><\/span><\/h3>\n<h1><span style=\"color: #ffffff; font-size: xx-large;\"><strong>Philosophie<\/strong><\/span><\/h1>\n<h1><span style=\"color: #ffffff;\"><strong>PrimeEnergy Cleantech SA<\/strong><\/span><\/h1>\n<h3><span style=\"color: #ff9900;\"><strong><span style=\"font-size: xx-large;\"><\/span><\/strong><\/span><span style=\"color: #333333;\"><strong><span style=\"font-size: xx-large;\"><br \/><\/span><\/strong><\/span><\/h3>\n<p>[\/et_pb_text][\/et_pb_column][et_pb_column type=&#8221;1_2&#8243; _builder_version=&#8221;4.16&#8243; _module_preset=&#8221;default&#8221; global_colors_info=&#8221;{}&#8221;][\/et_pb_column][\/et_pb_row][\/et_pb_section][et_pb_section fb_built=&#8221;1&#8243; _builder_version=&#8221;4.16&#8243; _module_preset=&#8221;default&#8221; min_height=&#8221;287.4px&#8221; custom_padding=&#8221;0px||0px|||&#8221; global_colors_info=&#8221;{}&#8221;][et_pb_row column_structure=&#8221;1_2,1_2&#8243; _builder_version=&#8221;4.16&#8243; _module_preset=&#8221;default&#8221; custom_padding=&#8221;34px||0px|||&#8221; global_colors_info=&#8221;{}&#8221;][et_pb_column type=&#8221;1_2&#8243; _builder_version=&#8221;4.16&#8243; _module_preset=&#8221;default&#8221; global_colors_info=&#8221;{}&#8221;][et_pb_text _builder_version=&#8221;4.16&#8243; _module_preset=&#8221;default&#8221; min_height=&#8221;199.4px&#8221; custom_padding=&#8221;||0px|||&#8221; global_colors_info=&#8221;{}&#8221;]<\/p>\n<h2><span style=\"color: #eab808;\">DEN PLANETEN SCH\u00dcTZEN UND GLEICHZEITIG IHRE ERSPARNISSE ST\u00c4RKEN<\/span><\/h2>\n<p>&nbsp;<\/p>\n<h3>Die 2005 gegr\u00fcndete PrimeEnergy Gruppe finanziert, baut und betreibt photovoltaische Solarkraftwerke in der Schweiz und in Europa, um gr\u00fcnen Strom aus einer 100% erneuerbaren Quelle zu erzeugen &#8211; der Sonne!<\/h3>\n<p>&nbsp;<\/p>\n<p><span style=\"font-size: x-large;\"><strong>\u00a0<\/strong><\/span><\/p>\n<h3><\/h3>\n<p><span style=\"font-size: x-large;\"><strong><\/strong><\/span><\/p>\n<p>[\/et_pb_text][\/et_pb_column][et_pb_column type=&#8221;1_2&#8243; _builder_version=&#8221;4.16&#8243; _module_preset=&#8221;default&#8221; global_colors_info=&#8221;{}&#8221;][et_pb_image src=&#8221;https:\/\/bargella.ch\/wp-content\/uploads\/2023\/10\/AdobeStock_114315357-scaled.jpeg&#8221; title_text=&#8221;Solar energy&#8221; _builder_version=&#8221;4.23.4&#8243; _module_preset=&#8221;default&#8221; width=&#8221;104.3%&#8221; custom_margin=&#8221;|-12px||||&#8221; global_colors_info=&#8221;{}&#8221;][\/et_pb_image][\/et_pb_column][\/et_pb_row][\/et_pb_section][et_pb_section fb_built=&#8221;1&#8243; _builder_version=&#8221;4.23.4&#8243; _module_preset=&#8221;default&#8221; custom_padding=&#8221;||4px|||&#8221; global_colors_info=&#8221;{}&#8221;][et_pb_row column_structure=&#8221;1_2,1_2&#8243; _builder_version=&#8221;4.23.4&#8243; _module_preset=&#8221;default&#8221; custom_margin=&#8221;-60px|auto||auto||&#8221; global_colors_info=&#8221;{}&#8221;][et_pb_column type=&#8221;1_2&#8243; _builder_version=&#8221;4.23.4&#8243; _module_preset=&#8221;default&#8221; global_colors_info=&#8221;{}&#8221;][et_pb_image src=&#8221;https:\/\/bargella.ch\/wp-content\/uploads\/2023\/10\/AdobeStock_234240192-scaled.jpeg&#8221; title_text=&#8221;Solar Panels on a solar farm, United Kingdom&#8221; _builder_version=&#8221;4.23.4&#8243; _module_preset=&#8221;default&#8221; custom_margin=&#8221;|-20px||||&#8221; global_colors_info=&#8221;{}&#8221;][\/et_pb_image][et_pb_video src=&#8221;https:\/\/www.youtube.com\/watch?v=zm9GcrEuubM&#8221; _builder_version=&#8221;4.16&#8243; _module_preset=&#8221;default&#8221; custom_margin=&#8221;|-20px||||&#8221; custom_padding=&#8221;||0px|||&#8221; global_colors_info=&#8221;{}&#8221;][\/et_pb_video][\/et_pb_column][et_pb_column type=&#8221;1_2&#8243; _builder_version=&#8221;4.23.4&#8243; _module_preset=&#8221;default&#8221; global_colors_info=&#8221;{}&#8221;][et_pb_text _builder_version=&#8221;4.23.4&#8243; _module_preset=&#8221;default&#8221; global_colors_info=&#8221;{}&#8221;]<\/p>\n<p>Seit 2011 hat sich die PrimeEnergy-Gruppe in Genf niedergelassen, mit dem Ziel, Obligationenanleihen zu emittieren, um ihre Entwicklung zu finanzieren und ihr erstes Ziel zu erreichen: eine Leistung von 100 MW! Nach dem Erfolg der letzten Jahre liefert unser aus \u00fcber 100 Solarkraftwerken bestehender Park gr\u00fcnen Strom f\u00fcr fast 21.500 Haushalte.<\/p>\n<p>&nbsp;<\/p>\n<p>Dank der Rahmengesetze f\u00fcr erneuerbare Energien in Europa und auch in der Schweiz sind die von den Solarkraftwerken erwirtschafteten Renditen stabil, fest und \u00fcber einen Zeitraum von 20 bis 25 Jahren gesichert.<\/p>\n<p>&nbsp;<\/p>\n<p>Das Inkrafttreten der neuen Schweizer Verordnung \u00fcber die Produktion von gr\u00fcnem Strom erm\u00f6glicht es uns heute, D\u00e4cher kostenlos zu nutzen, indem wir den erzeugten Strom zu einem Vorzugspreis an den Eigent\u00fcmer oder Betreiber des Geb\u00e4udes weiterverkaufen. Wir erhalten auch einen Zuschuss vom Bund, was die Rentabilit\u00e4t der Anlagen erh\u00f6ht und es uns erm\u00f6glicht, unseren Kunden einen attraktiven Coupon anzubieten.<\/p>\n<p>&nbsp;<\/p>\n<p>Dar\u00fcber hinaus besitzt die PrimeEnergy-Gruppe ein Immobilienportfolio von 46 Geb\u00e4uden in der Deutschschweiz, das unseren Investoren Stabilit\u00e4t und unseren Kunden stabile und regelm\u00e4\u00dfige Mieteinnahmen bietet.<\/p>\n<p>&nbsp;<\/p>\n<p>Weitere Informationen auf: <a href=\"https:\/\/www.prime-energy-cleantech.ch\">https:\/\/www.prime-energy-cleantech.ch<\/a><\/p>\n<p>&nbsp;<\/p>\n<p>Um den Immo Portfolio zu entdecken :<\/p>\n<p>[\/et_pb_text][et_pb_button button_url=&#8221;https:\/\/bargella.ch\/index.php\/428-2\/?et_fb=1&#038;PageSpeed=off&#8221; button_text=&#8221;Immo Portfolio&#8221; _builder_version=&#8221;4.16&#8243; _module_preset=&#8221;default&#8221; custom_button=&#8221;on&#8221; button_text_color=&#8221;#E09900&#8243; custom_margin=&#8221;|||144px||&#8221; global_colors_info=&#8221;{}&#8221;][\/et_pb_button][\/et_pb_column][\/et_pb_row][\/et_pb_section]<\/p>\n","protected":false},"excerpt":{"rendered":"<p>Philosophie PrimeEnergy Cleantech SA DEN PLANETEN SCH\u00dcTZEN UND GLEICHZEITIG IHRE ERSPARNISSE ST\u00c4RKEN &nbsp; Die 2005 gegr\u00fcndete PrimeEnergy Gruppe finanziert, baut und betreibt photovoltaische Solarkraftwerke in der Schweiz und in Europa, um gr\u00fcnen Strom aus einer 100% erneuerbaren Quelle zu erzeugen &#8211; der Sonne! &nbsp; \u00a0 Seit 2011 hat sich die PrimeEnergy-Gruppe in Genf niedergelassen, mit [&hellip;]<\/p>\n","protected":false},"author":3,"featured_media":0,"parent":0,"menu_order":0,"comment_status":"closed","ping_status":"closed","template":"","meta":{"_et_pb_use_builder":"on","_et_pb_old_content":"","_et_gb_content_width":"","footnotes":""},"class_list":["post-592","page","type-page","status-publish","hentry"],"_links":{"self":[{"href":"https:\/\/bargella.ch\/en\/wp-json\/wp\/v2\/pages\/592","targetHints":{"allow":["GET"]}}],"collection":[{"href":"https:\/\/bargella.ch\/en\/wp-json\/wp\/v2\/pages"}],"about":[{"href":"https:\/\/bargella.ch\/en\/wp-json\/wp\/v2\/types\/page"}],"author":[{"embeddable":true,"href":"https:\/\/bargella.ch\/en\/wp-json\/wp\/v2\/users\/3"}],"replies":[{"embeddable":true,"href":"https:\/\/bargella.ch\/en\/wp-json\/wp\/v2\/comments?post=592"}],"version-history":[{"count":21,"href":"https:\/\/bargella.ch\/en\/wp-json\/wp\/v2\/pages\/592\/revisions"}],"predecessor-version":[{"id":996,"href":"https:\/\/bargella.ch\/en\/wp-json\/wp\/v2\/pages\/592\/revisions\/996"}],"wp:attachment":[{"href":"https:\/\/bargella.ch\/en\/wp-json\/wp\/v2\/media?parent=592"}],"curies":[{"name":"wp","href":"https:\/\/api.w.org\/{rel}","templated":true}]}}